{"id":8,"date":"2020-11-03T10:54:16","date_gmt":"2020-11-03T08:54:16","guid":{"rendered":"http:\/\/lahtinendigital.dy.fi:5080\/arijousimatka\/?page_id=8"},"modified":"2025-04-27T11:05:19","modified_gmt":"2025-04-27T08:05:19","slug":"etusivu","status":"publish","type":"page","link":"https:\/\/www.arijoutsimatka.fi\/","title":{"rendered":"Arvomaailmani, ja henkil\u00f6 portfolio"},"content":{"rendered":"<p>Itsens\u00e4 arvostaminen sek\u00e4 hyvinvointi pohjautuvat kotimaiseen ty\u00f6h\u00f6n ja ty\u00f6paikkoihin. Maahanmuuttoa ja siit\u00e4 johtuvia negatiivisia lieveilmi\u00f6it\u00e4 tulisi tarkastella kriittisesti. Heikompia ja avun tarpeessa olevia tulee auttaa. Kest\u00e4v\u00e4 politiikka, jolla rakennetaan parempaa ja tasa-arvoisempaa yhteiskuntaa vaatii rakentavaa vuorovaikuttamista yli puoluerajojen. T\u00e4ll\u00e4 tavoin saavutetaan yhteiskunnallisesti parempi tulevaisuus kaikille Suomessa asuville.<\/p>\n<p>Lapsiperheet tarvitsevat enemm\u00e4n tukea ja verkostoja, jotka kannustavat v\u00e4est\u00f6n kasvuun. Nuorten terveen kasvun pohjana on vakaa ja turvallinen harrastustoiminta, jota eiv\u00e4t saa rajoittaa vanhempien pienet tulot. Lasten ja nuorten eriarvoinen asemoituminen yhteiskunnassa johtaa syrj\u00e4ytymiseen sek\u00e4 muihin lieveilmi\u00f6ihin. My\u00f6s vanhustenhoito tulee turvata, jotta laitoksissa olevat vanhukset ja sairaat tuntevat olonsa arvostetuksi ja asumisen kodinomaiseksi.<\/p>\n<p>Yhteiskuntaa ja sen toimintoja joudutaan rahoittamaan velkarahalla ja se joudutaan maksamaan my\u00f6s takaisin. Valtion taloutta tulisi mietti\u00e4 rakentavasti, jotta saamme luotua kest\u00e4vi\u00e4, uusia ty\u00f6paikkoja sek\u00e4 valtakunnallisesti ett\u00e4 paikallisesti, ja t\u00e4t\u00e4 kautta verotuloja valtiolle. Pk-yritysten asemaa tulisi tukea, jotta yritykset uskaltavat investoida sek\u00e4 palkata uutta henkil\u00f6st\u00f6\u00e4 joustavasti. Henkil\u00f6verotuksen osalta ei tulisi tehd\u00e4 korotuksia valmiiksi korkeasti verotetussa yhteiskunnassa, jossa my\u00f6s asumiskustannukset ovat korkeat. Valtion ja kuntien verotuloja ja -muotoja tulisi mietti\u00e4 uusin silmin, esimerkiksi valtiollisten investointien\/kuntien hankintojen kautta.<\/p>\n<h2>Ari Joutsimatka<\/h2>\n<ul>\n<li>Koti: Omakotitalo \u00c4\u00e4nekosken keskustassa<\/li>\n<li>Perhe: Kolme tyt\u00e4rt\u00e4<\/li>\n<li>Syntynyt: Suolahdessa vuonna 1987<\/li>\n<li>Harrastukset: Perheen kanssa ulkoilu, py\u00f6r\u00e4ily, ampumaurheilu, lukeminen, kuntosali ja j\u00e4\u00e4kiekko<\/li>\n<li>Sotilasarvo: Ilmavoimat sotilaspoliisi Res.kers<\/li>\n<\/ul>\n<h2>CV<\/h2>\n<h3>Koulutus<\/h3>\n<ul>\n<li>S\u00e4hk\u00f6asentaja, Poke<\/li>\n<li>Kunnossapidon ammattitutkinto, Jao<\/li>\n<li>Liiketoiminnan ammattitutkinto, Suomen yritt\u00e4j\u00e4opisto<\/li>\n<li>Kunnossapidon erikoisammattitutkinto, Poke<\/li>\n<li>Turvallisuusvalvojan erikoisammattitutkinto, Stadin AO<\/li>\n<li>Lyhytkursseja mm. j\u00e4rjestyksenvalvonnasta, ty\u00f6turvallisuudesta, ty\u00f6suojelusta ja ty\u00f6paikkaohjaamisesta<\/li>\n<\/ul>\n<h3>Ty\u00f6kokemus<\/h3>\n<ul>\n<li>\u00c4\u00e4nekosken Kiinteist\u00f6nhoito Oy:n (P\u00e4\u00e4toiminen ty\u00f6nantaja vuodesta 2011) toimii yksityisen turvallisuusalan elinkeinolupien vastuuhenkil\u00f6n\u00e4. Toimii ty\u00f6suojelup\u00e4\u00e4llikk\u00f6n\u00e4 \u00c4\u00e4nekosken Kiinteist\u00f6nhoito Oy:ss\u00e4, sek\u00e4 turvallisuusp\u00e4\u00e4llikk\u00f6n\u00e4, ja turvallisuusasiantuntijana \u00c4\u00e4nekosken kaupunki organisaatiossa&#8211;&gt;jatkuu<\/li>\n<li>\u00c4\u00e4nekosken Kiinteist\u00f6nhoito Oy: s\u00e4hk\u00f6asentaja, huoltomies, ty\u00f6suojeluvaltuutettu ja s\u00e4hk\u00f6puolen palveluesimies<\/li>\n<li>CP Kelco: lastaaja ja k\u00e4ynninvarmistaja<\/li>\n<li>Mets\u00e4liitto Osuuskunta, Suolahden vaneritehtaat: s\u00e4hk\u00f6asentaja, k\u00e4ynninvarmistaja ja prosessinhoitaja<\/li>\n<li>\u00c4\u00e4neseudun Kiinteist\u00f6nhuolto Oy, Erkki Pellonp\u00e4\u00e4<\/li>\n<li>Sis\u00e4-Suomen Turvapalvelut Oy: sivutoiminen yritt\u00e4j\u00e4, perustajaj\u00e4sen, hallituksen j\u00e4sen, perustettu vuonna 2017&#8211;&gt;jatkuu<\/li>\n<\/ul>\n<p><strong>Luottamustoimet<\/strong><\/p>\n<ul>\n<li>Opetus- ja kasvatuslautakunta \u00c4\u00e4nekosken kaupunki varsinainen j\u00e4sen<\/li>\n<li>Keitele-Museo Oy hallituksen j\u00e4sen<\/li>\n<li>Sis\u00e4-Suomen Turvapalvelut Oy hallituksen j\u00e4sen<\/li>\n<li>\u00c4\u00e4nekosken Keskustan kunnallisj\u00e4rjest\u00f6n vpj.<\/li>\n<li>\u00c4\u00e4nekosken Huima ry, pj 2024<\/li>\n<\/ul>\n<p>&nbsp;<\/p>\n<p style=\"font-size: 0.7em;\">MAKSAJA: Sis\u00e4- Suomen Turvapalvelut Oy<\/p>\n","protected":false},"excerpt":{"rendered":"<p>Itsens\u00e4 arvostaminen sek\u00e4 hyvinvointi pohjautuvat kotimaiseen ty\u00f6h\u00f6n ja ty\u00f6paikkoihin. Maahanmuuttoa ja siit\u00e4 johtuvia negatiivisia lieveilmi\u00f6it\u00e4 tulisi tarkastella kriittisesti. Heikompia ja avun tarpeessa olevia tulee auttaa. Kest\u00e4v\u00e4 politiikka, jolla rakennetaan parempaa ja tasa-arvoisempaa yhteiskuntaa vaatii rakentavaa vuorovaikuttamista yli puoluerajojen. T\u00e4ll\u00e4 tavoin saavutetaan yhteiskunnallisesti parempi tulevaisuus kaikille Suomessa asuville. Lapsiperheet tarvitsevat enemm\u00e4n tukea ja verkostoja, jotka kannustavat [&hellip;]<\/p>\n","protected":false},"author":1,"featured_media":10,"parent":0,"menu_order":0,"comment_status":"closed","ping_status":"closed","template":"","meta":{"footnotes":""},"class_list":["post-8","page","type-page","status-publish","has-post-thumbnail","hentry"],"acf":[],"_links":{"self":[{"href":"https:\/\/www.arijoutsimatka.fi\/index.php?rest_route=\/wp\/v2\/pages\/8","targetHints":{"allow":["GET"]}}],"collection":[{"href":"https:\/\/www.arijoutsimatka.fi\/index.php?rest_route=\/wp\/v2\/pages"}],"about":[{"href":"https:\/\/www.arijoutsimatka.fi\/index.php?rest_route=\/wp\/v2\/types\/page"}],"author":[{"embeddable":true,"href":"https:\/\/www.arijoutsimatka.fi\/index.php?rest_route=\/wp\/v2\/users\/1"}],"replies":[{"embeddable":true,"href":"https:\/\/www.arijoutsimatka.fi\/index.php?rest_route=%2Fwp%2Fv2%2Fcomments&post=8"}],"version-history":[{"count":20,"href":"https:\/\/www.arijoutsimatka.fi\/index.php?rest_route=\/wp\/v2\/pages\/8\/revisions"}],"predecessor-version":[{"id":111,"href":"https:\/\/www.arijoutsimatka.fi\/index.php?rest_route=\/wp\/v2\/pages\/8\/revisions\/111"}],"wp:featuredmedia":[{"embeddable":true,"href":"https:\/\/www.arijoutsimatka.fi\/index.php?rest_route=\/wp\/v2\/media\/10"}],"wp:attachment":[{"href":"https:\/\/www.arijoutsimatka.fi\/index.php?rest_route=%2Fwp%2Fv2%2Fmedia&parent=8"}],"curies":[{"name":"wp","href":"https:\/\/api.w.org\/{rel}","templated":true}]}}